{"id":422,"date":"2017-01-06T16:31:43","date_gmt":"2017-01-06T16:31:43","guid":{"rendered":"http:\/\/pazdezigandaxake.net\/?page_id=422"},"modified":"2026-02-01T09:35:19","modified_gmt":"2026-02-01T09:35:19","slug":"bases-open","status":"publish","type":"page","link":"https:\/\/pazdezigandaxake.net\/index.php\/es\/informacion\/abierto\/bases-open\/","title":{"rendered":"Bases &#8211; Abierto"},"content":{"rendered":"<ol>\n<li>Este torneo, de ajedrez activo, en el que cada jugador dispondr\u00e1 de 10 minutos por partida con 3 segundos extra por jugada, se disputar\u00e1 por Sistema Suizo a nueve rondas el d\u00eda 14 de marzo de 2026.<\/li>\n<li>La sede del torneo ser\u00e1 la Ikastola Paz de Ziganda (Villava, Navarra).<\/li>\n<li>El horario de las rondas de juego ser\u00e1 el siguiente:\n<ul>\n<li>1\u00aa Ronda &#8211; 10:30, 2\u00aa Ronda &#8211; 11:15, 3\u00aa Ronda &#8211; 12:00<\/li>\n<li>4\u00aa Ronda &#8211; 12:45, 5\u00aa Ronda &#8211; 13:30, 6\u00aa Ronda &#8211; 17:00<\/li>\n<li>7\u00aa Ronda &#8211; 17:45, 8\u00aa Ronda &#8211; 18:30, 9\u00aa Ronda &#8211; 19:15<\/li>\n<\/ul>\n<\/li>\n<li>La doble incomparecencia de un jugador o una incomparecencia injustificada causar\u00e1n su eliminaci\u00f3n del torneo. Ser\u00e1 facultad de la Organizaci\u00f3n la eliminaci\u00f3n del jugador que no se presente a la primera ronda. Se considera incomparecencia presentarse ante el tablero con m\u00e1s de 5 minutos de retraso sobre el inicio de la partida.<\/li>\n<li>Se podr\u00e1n pedir hasta 1 bye (el jugador no se empareja y recibe 0.5 puntos) para las rondas 1-7. Un bye para una determinada ronda habr\u00e1 que pedirlo antes de la finalizaci\u00f3n de la ronda anterior. En caso de el bye sea para la ronda 1, habr\u00e1 que pedirlo durante la inscripci\u00f3n al torneo.<\/li>\n<li>Para la realizaci\u00f3n de los emparejamientos de la primera ronda, los jugadores se ordenar\u00e1n por su rating FIDE r\u00e1pido y, en su defecto, FIDE est\u00e1ndar y, por \u00faltimo, por orden alfab\u00e9tico.<\/li>\n<li>Durante el transcurso de la primera ronda, se designar\u00e1 a cuatro jugadores que formar\u00e1n parte del Comit\u00e9 de Apelaci\u00f3n, dos de los cuales lo har\u00e1n en calidad de suplentes para aquellos conflictos en los que est\u00e9 implicado alg\u00fan titular.<\/li>\n<li>Toda reclamaci\u00f3n a una decisi\u00f3n arbitral deber\u00e1 dirigirse al Comit\u00e9 de Apelaci\u00f3n por escrito y a lo sumo 5 minutos despu\u00e9s de la finalizaci\u00f3n de la ronda en la que se produjera el hecho objeto de la reclamaci\u00f3n. Las decisiones del citado Comit\u00e9 ser\u00e1n firmes a todos los efectos.<\/li>\n<li>El Comit\u00e9 de Apelaci\u00f3n estar\u00e1 compuesto por:\n<ul>\n<li>Dos jugadores titulares y dos suplentes.<\/li>\n<li>El Director del Torneo (suplente: representante organizativo), que actuar\u00e1 como Presidente.<\/li>\n<\/ul>\n<\/li>\n<li>No se permitir\u00e1n an\u00e1lisis en la sala de juego.<\/li>\n<li>Se recomienda a los participantes que lo notifiquen a alg\u00fan \u00e1rbitro cuando vayan a ausentarse de la sala de juego en el transcurso de sus partidas.<\/li>\n<li>Los emparejamientos, que se realizar\u00e1n con programa inform\u00e1tico, quedar\u00e1n expuestos en la sala de juego y en info64.<\/li>\n<li>S\u00f3lo se atender\u00e1n reclamaciones al emparejamiento (que deber\u00e1n ser realizadas como m\u00e1ximo cinco minutos despu\u00e9s de haber sido hecho p\u00fablico el mismo) en el caso de que la partida objeto de reclamaci\u00f3n suponga:\n<ul>\n<li>enfrentarse a un mismo rival por segunda vez<\/li>\n<li>jugar con el mismo color por tercera vez consecutiva (excepto en la \u00faltima ronda)<\/li>\n<li>jugar con un color tres veces m\u00e1s que con el otro (excepto en la \u00faltima ronda).<\/li>\n<\/ul>\n<\/li>\n<li>La cuota de inscripci\u00f3n deber\u00e1 ser abonada a los organizadores antes de la primera ronda o en el transcurso de la misma, pudiendo ser eliminados del torneo los participantes que no cumplieran con este requisito.<\/li>\n<li>Los empates en la clasificaci\u00f3n final se resolver\u00e1n por los siguientes sistemas y en el orden que se expresan:\n<ol>\n<li>Resultado particular sin incluir a todos los jugadores<\/li>\n<li>Bucholz exceptuando al peor rival<\/li>\n<li>Media de performance de rating de los rivales.<\/li>\n<li>Bucholz total.<\/li>\n<li>N\u00famero de victorias.<\/li>\n<\/ol>\n<\/li>\n<li>Los premios se entregar\u00e1n \u00edntegramente seg\u00fan el puesto ocupado en la clasificaci\u00f3n final. En el caso de que un jugador obtenga m\u00e1s de un premio, renunciar\u00e1 al (a los) que sea(n) de menor cuant\u00eda. En caso de que los premios fueran de la misma cuant\u00eda, se entregar\u00e1 el premio de mayor entidad (de mayor a menor entidad: premio principal, mujeres, navarro, tramos de ELO).<\/li>\n<li>Este torneo, se regir\u00e1 por la reglamentaci\u00f3n de la F.I.D.E. en vigor, a la que quedan sujetos todos los participantes durante el desarrollo de la competici\u00f3n.<\/li>\n<li>El torneo ser\u00e1 v\u00e1lido para ELO FIDE r\u00e1pido.<\/li>\n<li>Los participantes en el torneo autorizan la publicaci\u00f3n de sus datos personales pertinentes (listados de resultados, clasificaciones, participantes, partidas, etc.) en los diferentes medios de comunicaci\u00f3n que la organizaci\u00f3n considere oportunos para la necesaria difusi\u00f3n del evento.<\/li>\n<li>La organizaci\u00f3n se reserva el derecho a rechazar cualquier inscripci\u00f3n.<\/li>\n<li>La inscripci\u00f3n en el torneo implica la aceptaci\u00f3n de las presentes bases.<\/li>\n<li>Estas normas e informaci\u00f3n de la web son v\u00e1lidas salvo error tipogr\u00e1fico.<\/li>\n<\/ol>\n","protected":false},"excerpt":{"rendered":"<p>Este torneo, de ajedrez activo, en el que cada jugador dispondr\u00e1 de 10 minutos por partida con 3 segundos extra por jugada, [&hellip;]<\/p>\n","protected":false},"author":1,"featured_media":0,"parent":408,"menu_order":0,"comment_status":"closed","ping_status":"closed","template":"","meta":{"footnotes":""},"class_list":["post-422","page","type-page","status-publish","hentry"],"_links":{"self":[{"href":"https:\/\/pazdezigandaxake.net\/index.php\/wp-json\/wp\/v2\/pages\/422","targetHints":{"allow":["GET"]}}],"collection":[{"href":"https:\/\/pazdezigandaxake.net\/index.php\/wp-json\/wp\/v2\/pages"}],"about":[{"href":"https:\/\/pazdezigandaxake.net\/index.php\/wp-json\/wp\/v2\/types\/page"}],"author":[{"embeddable":true,"href":"https:\/\/pazdezigandaxake.net\/index.php\/wp-json\/wp\/v2\/users\/1"}],"replies":[{"embeddable":true,"href":"https:\/\/pazdezigandaxake.net\/index.php\/wp-json\/wp\/v2\/comments?post=422"}],"version-history":[{"count":28,"href":"https:\/\/pazdezigandaxake.net\/index.php\/wp-json\/wp\/v2\/pages\/422\/revisions"}],"predecessor-version":[{"id":3375,"href":"https:\/\/pazdezigandaxake.net\/index.php\/wp-json\/wp\/v2\/pages\/422\/revisions\/3375"}],"up":[{"embeddable":true,"href":"https:\/\/pazdezigandaxake.net\/index.php\/wp-json\/wp\/v2\/pages\/408"}],"wp:attachment":[{"href":"https:\/\/pazdezigandaxake.net\/index.php\/wp-json\/wp\/v2\/media?parent=422"}],"curies":[{"name":"wp","href":"https:\/\/api.w.org\/{rel}","templated":true}]}}