{"id":418,"date":"2017-01-06T16:28:47","date_gmt":"2017-01-06T16:28:47","guid":{"rendered":"http:\/\/pazdezigandaxake.net\/?page_id=418"},"modified":"2025-12-07T08:44:01","modified_gmt":"2025-12-07T08:44:01","slug":"horario-y-local","status":"publish","type":"page","link":"https:\/\/pazdezigandaxake.net\/index.php\/es\/informacion\/escolar\/horario-y-local\/","title":{"rendered":"Horario y Local &#8211; Escolar"},"content":{"rendered":"<p>Se jugar\u00e1 el d\u00eda 14 de Marzo en la Ikastola Paz de Ziganda, -Ermitaldea 1, Villava, Navarra-.<\/p>\n<p>Este ser\u00e1 el horario de las partidas:<\/p>\n<p>14 de Marzo<br \/>\n1\u00aa Ronda &#8211; 10:30<br \/>\n2\u00aa Ronda &#8211; 11:15<br \/>\n3\u00aa Ronda &#8211; 12:00<br \/>\n4\u00aa Ronda &#8211; 12:45<br \/>\n5\u00aa Ronda &#8211; 13:30<br \/>\n6\u00aa Ronda &#8211; 17:00<br \/>\n7\u00aa Ronda &#8211; 17:45<br \/>\n8\u00aa Ronda &#8211; 18:30<br \/>\n9\u00aa Ronda &#8211; 19:15<\/p>\n<p>Entrega de premios:<br \/>\n14 Marzo a las 20:00.<\/p>\n<p><strong>Lugar de juego:<\/strong><br \/>\n<iframe loading=\"lazy\" style=\"border: 0;\" src=\"https:\/\/www.google.com\/maps\/embed?pb=!1m18!1m12!1m3!1d2926.137278905833!2d-1.6127956848357363!3d42.82771391343258!2m3!1f0!2f0!3f0!3m2!1i1024!2i768!4f13.1!3m3!1m2!1s0xd50936ed57d1dc9%3A0xdc97875ba1527778!2sPaz+de+Ziganda+Ikastola.!5e0!3m2!1ses!2snl!4v1484089939703\" width=\"600\" height=\"450\" frameborder=\"0\" allowfullscreen=\"allowfullscreen\"><\/iframe><\/p>\n","protected":false},"excerpt":{"rendered":"<p>Se jugar\u00e1 el d\u00eda 14 de Marzo en la Ikastola Paz de Ziganda, -Ermitaldea 1, Villava, Navarra-. Este ser\u00e1 el horario de [&hellip;]<\/p>\n","protected":false},"author":1,"featured_media":0,"parent":410,"menu_order":0,"comment_status":"closed","ping_status":"closed","template":"","meta":{"footnotes":""},"class_list":["post-418","page","type-page","status-publish","hentry"],"_links":{"self":[{"href":"https:\/\/pazdezigandaxake.net\/index.php\/wp-json\/wp\/v2\/pages\/418","targetHints":{"allow":["GET"]}}],"collection":[{"href":"https:\/\/pazdezigandaxake.net\/index.php\/wp-json\/wp\/v2\/pages"}],"about":[{"href":"https:\/\/pazdezigandaxake.net\/index.php\/wp-json\/wp\/v2\/types\/page"}],"author":[{"embeddable":true,"href":"https:\/\/pazdezigandaxake.net\/index.php\/wp-json\/wp\/v2\/users\/1"}],"replies":[{"embeddable":true,"href":"https:\/\/pazdezigandaxake.net\/index.php\/wp-json\/wp\/v2\/comments?post=418"}],"version-history":[{"count":16,"href":"https:\/\/pazdezigandaxake.net\/index.php\/wp-json\/wp\/v2\/pages\/418\/revisions"}],"predecessor-version":[{"id":3350,"href":"https:\/\/pazdezigandaxake.net\/index.php\/wp-json\/wp\/v2\/pages\/418\/revisions\/3350"}],"up":[{"embeddable":true,"href":"https:\/\/pazdezigandaxake.net\/index.php\/wp-json\/wp\/v2\/pages\/410"}],"wp:attachment":[{"href":"https:\/\/pazdezigandaxake.net\/index.php\/wp-json\/wp\/v2\/media?parent=418"}],"curies":[{"name":"wp","href":"https:\/\/api.w.org\/{rel}","templated":true}]}}