{"id":414,"date":"2017-01-06T16:25:46","date_gmt":"2017-01-06T16:25:46","guid":{"rendered":"http:\/\/pazdezigandaxake.net\/?page_id=414"},"modified":"2026-02-27T12:53:10","modified_gmt":"2026-02-27T12:53:10","slug":"bases-escolar","status":"publish","type":"page","link":"https:\/\/pazdezigandaxake.net\/index.php\/es\/informacion\/escolar\/bases-escolar\/","title":{"rendered":"Bases &#8211; Escolar"},"content":{"rendered":"\n<div class=\"wp-block-group has-global-padding is-layout-constrained wp-block-group-is-layout-constrained\">\n<ol class=\"wp-block-list\">\n<li>El torneo se disputar\u00e1 el 14 de marzo de 2026. Ser\u00e1n torneos en el que cada jugador dispondr\u00e1 de 10 minutos por partida con 3 segundos de incremento por jugada, siendo el Open por Sistema Suizo a siete rondas y el Cerrado, un Round Robin.<\/li>\n\n\n\n<li>La sede del torneo ser\u00e1 la Ikastola Paz de Ziganda (Villava, Navarra).\n<ul class=\"wp-block-list\">\n<li>El horario de las rondas de juego ser\u00e1 el siguiente:\n\n\n<ul class=\"wp-block-list\">\n<li>1\u00aa Ronda &#8211; 10:30, 2\u00aa Ronda &#8211; 11:15, 3\u00aa Ronda &#8211; 12:00<\/li>\n\n\n\n<li>4\u00aa Ronda &#8211; 17:00, 5\u00aa Ronda &#8211; 17:45, 6\u00aa Ronda &#8211; 18:30, <\/li>\n\n\n\n<li>7\u00aa Ronda &#8211; 19:15<\/li>\n<\/ul>\n<\/li>\n<\/ul>\n<\/li>\n\n\n\n<li>La inscripci\u00f3n deber\u00e1 realizarse a trav\u00e9s de la p\u00e1gina web de la FNA, dado que el torneo ser\u00e1 valedero para el Circuito Escolar de la FNA. Siendo el aforo limitado a 100 participantes.<\/li>\n\n\n\n<li>La cuota de inscripci\u00f3n de 5\u20ac deber\u00e1 ser abonada a los organizadores antes de la primera ronda deposit\u00e1ndola sobre la mesa, pudiendo ser eliminados del torneo los participantes que no cumplieran con este requisito.<\/li>\n\n\n\n<li>La doble incomparecencia de un jugador o una incomparecencia injustificada causar\u00e1n su eliminaci\u00f3n del torneo. Ser\u00e1 facultad de la Organizaci\u00f3n la eliminaci\u00f3n del jugador que no se presente a la primera ronda. Se considera incomparecencia presentarse ante el tablero con m\u00e1s de 5 minutos de retraso sobre el inicio de la partida.<\/li>\n\n\n\n<li>En el Open, se podr\u00e1n pedir hasta 3 byes (el jugador no se empareja y recibe 0.5 puntos) para las rondas 1-7. Un bye para una determinada ronda habr\u00e1 que pedirlo antes de la finalizaci\u00f3n de la ronda anterior. En caso de el bye sea para la ronda 1, habr\u00e1 que pedirlo durante la inscripci\u00f3n al torneo.<\/li>\n\n\n\n<li>Para la realizaci\u00f3n de los emparejamientos de la primera ronda, los jugadores se ordenar\u00e1n por su rating FIDE r\u00e1pido y, en su defecto, FIDE est\u00e1ndar y, por \u00faltimo, por orden alfab\u00e9tico.<\/li>\n\n\n\n<li>No se permitir\u00e1n an\u00e1lisis en la sala de juego.<\/li>\n\n\n\n<li>Los emparejamientos, que se realizar\u00e1n con programa inform\u00e1tico, quedar\u00e1n expuestos en la sala de juego.<\/li>\n\n\n\n<li>S\u00f3lo se atender\u00e1n reclamaciones al emparejamiento (que deber\u00e1n ser realizadas como m\u00e1ximo cinco minutos despu\u00e9s de haber sido hecho p\u00fablico el mismo) en el caso de que la partida objeto de reclamaci\u00f3n suponga:\n<ul class=\"wp-block-list\">\n<li>enfrentarse a un mismo rival por segunda vez.<\/li>\n\n\n\n<li>jugar con el mismo color por tercera vez consecutiva (excepto en la \u00faltima ronda).<\/li>\n\n\n\n<li>jugar con un color tres veces m\u00e1s que con el otro (excepto en la \u00faltima ronda).<\/li>\n<\/ul>\n<\/li>\n\n\n\n<li>Los empates en la clasificaci\u00f3n final se resolver\u00e1n por los siguientes sistemas y en el orden que se expresan: \n<ul class=\"wp-block-list\">\n<li>Open\n<ol class=\"wp-block-list\">\n<li>Resultado particular sin contar todos los jugadores.<\/li>\n\n\n\n<li>Bucholz exceptuando al peor rival.<\/li>\n\n\n\n<li>Media de performance de rating de los rivales.<\/li>\n\n\n\n<li>Bucholz total.<\/li>\n\n\n\n<li>N\u00famero de victorias.<\/li>\n<\/ol>\n<\/li>\n\n\n\n<li>Cerrado\n<ol class=\"wp-block-list\">\n<li>Resultado particular.<\/li>\n\n\n\n<li>Sonneborn-Berger.<\/li>\n\n\n\n<li>Koya.<\/li>\n\n\n\n<li>Sorteo.<\/li>\n<\/ol>\n<\/li>\n<\/ul>\n<\/li>\n\n\n\n<li>Habr\u00e1 premios a los 3 primeros clasificados en las categor\u00edas Sub8, Sub10, Sub12 y Especial tanto del Cerrado como del Open, adem\u00e1s de al mejor de la Ikastola Paz de Ziganda. As\u00ed mismo, habr\u00e1 obsequios para todos los participantes.<\/li>\n\n\n\n<li>Este torneo, se regir\u00e1 por la reglamentaci\u00f3n de la F.I.D.E. en vigor, a la que quedan sujetos todos los participantes durante el desarrollo de la competici\u00f3n.<\/li>\n\n\n\n<li>Los participantes en el torneo autorizan la publicaci\u00f3n de sus datos personales pertinentes (listados de resultados, clasificaciones, participantes, partidas, etc.) en los diferentes medios de comunicaci\u00f3n que la organizaci\u00f3n considere oportunos para la necesaria difusi\u00f3n del evento.<\/li>\n\n\n\n<li>La inscripci\u00f3n en el torneo implica la aceptaci\u00f3n de las presentes bases. Es imprescindible contar con licencia escolar o federativa en vigor.<\/li>\n\n\n\n<li>Tras apuntarse al torneo todo jugador tiene la obligatoriedad de jugar la competici\u00f3n. La ausencia injustificada de un jugador en una competici\u00f3n conllevar\u00e1 la retirada total de cualquier competici\u00f3n del circuito, incluida la copa. Todas las ausencias deben de presentarse por el equipo arbitral, por correo, en las 24 horas siguientes a la celebraci\u00f3n a la federaci\u00f3n. Las justificaciones de las ausencias deber\u00e1n hacerse 24 horas despu\u00e9s de la terminaci\u00f3n de la competici\u00f3n y mediante un correo electr\u00f3nico dirigido a la federaci\u00f3n. Tanto las ausencias como las justificaciones se analizar\u00e1n por el director del torneo y se enviar\u00e1 su resoluci\u00f3n v\u00eda correo al interesado. Toda persona perjudicada tendr\u00e1 48 horas tras su notificaci\u00f3n para aportar alegaciones.<\/li>\n\n\n\n<li>Estas normas e informaci\u00f3n de la web son v\u00e1lidas salvo error tipogr\u00e1fico.<\/li>\n<\/ol>\n\n\n\n<div class=\"wp-block-group has-global-padding is-layout-constrained wp-block-group-is-layout-constrained\"><\/div>\n<\/div>\n\n\n<\/ol>\n<p><!-- \/wp:post-content --><\/p>\n<p><!-- wp:paragraph --><\/p>\n<p><!-- \/wp:paragraph --><\/p>\n<p><!-- wp:paragraph --><\/p>\n<p><!-- \/wp:paragraph --><\/p>","protected":false},"excerpt":{"rendered":"","protected":false},"author":1,"featured_media":0,"parent":410,"menu_order":0,"comment_status":"closed","ping_status":"closed","template":"","meta":{"footnotes":""},"class_list":["post-414","page","type-page","status-publish","hentry"],"_links":{"self":[{"href":"https:\/\/pazdezigandaxake.net\/index.php\/wp-json\/wp\/v2\/pages\/414","targetHints":{"allow":["GET"]}}],"collection":[{"href":"https:\/\/pazdezigandaxake.net\/index.php\/wp-json\/wp\/v2\/pages"}],"about":[{"href":"https:\/\/pazdezigandaxake.net\/index.php\/wp-json\/wp\/v2\/types\/page"}],"author":[{"embeddable":true,"href":"https:\/\/pazdezigandaxake.net\/index.php\/wp-json\/wp\/v2\/users\/1"}],"replies":[{"embeddable":true,"href":"https:\/\/pazdezigandaxake.net\/index.php\/wp-json\/wp\/v2\/comments?post=414"}],"version-history":[{"count":51,"href":"https:\/\/pazdezigandaxake.net\/index.php\/wp-json\/wp\/v2\/pages\/414\/revisions"}],"predecessor-version":[{"id":3429,"href":"https:\/\/pazdezigandaxake.net\/index.php\/wp-json\/wp\/v2\/pages\/414\/revisions\/3429"}],"up":[{"embeddable":true,"href":"https:\/\/pazdezigandaxake.net\/index.php\/wp-json\/wp\/v2\/pages\/410"}],"wp:attachment":[{"href":"https:\/\/pazdezigandaxake.net\/index.php\/wp-json\/wp\/v2\/media?parent=414"}],"curies":[{"name":"wp","href":"https:\/\/api.w.org\/{rel}","templated":true}]}}