{"id":358,"date":"2017-01-04T17:23:28","date_gmt":"2017-01-04T17:23:28","guid":{"rendered":"http:\/\/pazdezigandaxake.net\/?page_id=358"},"modified":"2025-12-07T08:36:01","modified_gmt":"2025-12-07T08:36:01","slug":"informacion","status":"publish","type":"page","link":"https:\/\/pazdezigandaxake.net\/index.php\/es\/informacion\/","title":{"rendered":"Informaci\u00f3n 2026"},"content":{"rendered":"<p>Toda la informaci\u00f3n de esta edici\u00f3n en:<\/p>\n<ul>\n<li><a href=\"https:\/\/pazdezigandaxake.net\/index.php\/es\/informacion\/abierto\/\">Abierto Internacional<\/a><\/li>\n<li><a href=\"https:\/\/pazdezigandaxake.net\/index.php\/es\/informacion\/escolar\/\">Escolar<\/a><\/li>\n<\/ul>\n","protected":false},"excerpt":{"rendered":"<p>Toda la informaci\u00f3n de esta edici\u00f3n en: Abierto Internacional Escolar<\/p>\n","protected":false},"author":1,"featured_media":0,"parent":0,"menu_order":0,"comment_status":"closed","ping_status":"closed","template":"","meta":{"footnotes":""},"class_list":["post-358","page","type-page","status-publish","hentry"],"_links":{"self":[{"href":"https:\/\/pazdezigandaxake.net\/index.php\/wp-json\/wp\/v2\/pages\/358","targetHints":{"allow":["GET"]}}],"collection":[{"href":"https:\/\/pazdezigandaxake.net\/index.php\/wp-json\/wp\/v2\/pages"}],"about":[{"href":"https:\/\/pazdezigandaxake.net\/index.php\/wp-json\/wp\/v2\/types\/page"}],"author":[{"embeddable":true,"href":"https:\/\/pazdezigandaxake.net\/index.php\/wp-json\/wp\/v2\/users\/1"}],"replies":[{"embeddable":true,"href":"https:\/\/pazdezigandaxake.net\/index.php\/wp-json\/wp\/v2\/comments?post=358"}],"version-history":[{"count":17,"href":"https:\/\/pazdezigandaxake.net\/index.php\/wp-json\/wp\/v2\/pages\/358\/revisions"}],"predecessor-version":[{"id":3331,"href":"https:\/\/pazdezigandaxake.net\/index.php\/wp-json\/wp\/v2\/pages\/358\/revisions\/3331"}],"wp:attachment":[{"href":"https:\/\/pazdezigandaxake.net\/index.php\/wp-json\/wp\/v2\/media?parent=358"}],"curies":[{"name":"wp","href":"https:\/\/api.w.org\/{rel}","templated":true}]}}