{"id":3236,"date":"2025-02-27T09:00:00","date_gmt":"2025-02-27T09:00:00","guid":{"rendered":"https:\/\/pazdezigandaxake.net\/?page_id=3236"},"modified":"2025-12-07T08:58:15","modified_gmt":"2025-12-07T08:58:15","slug":"inscripcion-escolar","status":"publish","type":"page","link":"https:\/\/pazdezigandaxake.net\/index.php\/es\/inscripcion-escolar\/","title":{"rendered":"Inscripci\u00f3n escolar"},"content":{"rendered":"<p>El n\u00famero de plazas est\u00e1 <strong>limitado a 100<\/strong>.<\/p>\n<ul>\n<li>Escolar:\n<ul>\n<li>3\u20ac (a poner en el tablero antes del inicio de la primera ronda).<\/li>\n<\/ul>\n<\/li>\n<\/ul>\n<p>La inscripci\u00f3n se har\u00e1 a trav\u00e9s de la FNA.<\/p>\n<p><!--\u2013\u2013[contact-form-7 id=\"753\" title=\"Inscripci\u00f3n\"]\n\n\u2013\u2013--><\/p>\n\n\n<p><\/p>\n","protected":false},"excerpt":{"rendered":"<p>El n\u00famero de plazas est\u00e1 limitado a 100. Escolar: 3\u20ac (a poner en el tablero antes del inicio de la primera ronda). [&hellip;]<\/p>\n","protected":false},"author":1,"featured_media":0,"parent":0,"menu_order":0,"comment_status":"closed","ping_status":"closed","template":"","meta":{"footnotes":""},"class_list":["post-3236","page","type-page","status-publish","hentry"],"_links":{"self":[{"href":"https:\/\/pazdezigandaxake.net\/index.php\/wp-json\/wp\/v2\/pages\/3236","targetHints":{"allow":["GET"]}}],"collection":[{"href":"https:\/\/pazdezigandaxake.net\/index.php\/wp-json\/wp\/v2\/pages"}],"about":[{"href":"https:\/\/pazdezigandaxake.net\/index.php\/wp-json\/wp\/v2\/types\/page"}],"author":[{"embeddable":true,"href":"https:\/\/pazdezigandaxake.net\/index.php\/wp-json\/wp\/v2\/users\/1"}],"replies":[{"embeddable":true,"href":"https:\/\/pazdezigandaxake.net\/index.php\/wp-json\/wp\/v2\/comments?post=3236"}],"version-history":[{"count":4,"href":"https:\/\/pazdezigandaxake.net\/index.php\/wp-json\/wp\/v2\/pages\/3236\/revisions"}],"predecessor-version":[{"id":3369,"href":"https:\/\/pazdezigandaxake.net\/index.php\/wp-json\/wp\/v2\/pages\/3236\/revisions\/3369"}],"wp:attachment":[{"href":"https:\/\/pazdezigandaxake.net\/index.php\/wp-json\/wp\/v2\/media?parent=3236"}],"curies":[{"name":"wp","href":"https:\/\/api.w.org\/{rel}","templated":true}]}}