{"id":288,"date":"2017-01-03T10:53:37","date_gmt":"2017-01-03T10:53:37","guid":{"rendered":"http:\/\/pazdezigandaxake.net\/?page_id=288"},"modified":"2026-03-12T20:15:11","modified_gmt":"2026-03-12T20:15:11","slug":"inscripcion-al-torneo","status":"publish","type":"page","link":"https:\/\/pazdezigandaxake.net\/index.php\/es\/inscripcion-al-torneo\/","title":{"rendered":"Inscripci\u00f3n al torneo"},"content":{"rendered":"<ul>\n<li>Abierto:\n<ul>\n<li>General: 35 \u20ac<\/li>\n<li>Sub 18: 20 \u20ac<\/li>\n<li>GM, MI, WGM y WMI gratis<\/li>\n<\/ul>\n<\/li>\n<\/ul>\n<p>Por favor, rellene el formulario de abajo para inscribirse al open. Recibir\u00e1 un email confirmando la inscripci\u00f3n que lo enviaremos lo antes que podamos (espere pacientemente, gracias). Tenga en cuenta que la inscripci\u00f3n no se hace efectiva hasta recibir el email de confirmaci\u00f3n. No se aceptar\u00e1n inscripciones al torneo a partir de las 20:00 del d\u00eda 12 de Marzo.<\/p>\n<p><strong>Inscripci\u00f3n cerrada.<\/strong><\/p>\n<p><!--\u2013\u2013[contact-form-7 id=\"753\" title=\"Inscripci\u00f3n\"]\n\n\u2013\u2013--><\/p>\n\n\n\n\n<p><\/p>\n","protected":false},"excerpt":{"rendered":"<p>Abierto: General: 35 \u20ac Sub 18: 20 \u20ac GM, MI, WGM y WMI gratis Por favor, rellene el formulario de abajo para [&hellip;]<\/p>\n","protected":false},"author":1,"featured_media":0,"parent":0,"menu_order":0,"comment_status":"closed","ping_status":"closed","template":"","meta":{"footnotes":""},"class_list":["post-288","page","type-page","status-publish","hentry"],"_links":{"self":[{"href":"https:\/\/pazdezigandaxake.net\/index.php\/wp-json\/wp\/v2\/pages\/288","targetHints":{"allow":["GET"]}}],"collection":[{"href":"https:\/\/pazdezigandaxake.net\/index.php\/wp-json\/wp\/v2\/pages"}],"about":[{"href":"https:\/\/pazdezigandaxake.net\/index.php\/wp-json\/wp\/v2\/types\/page"}],"author":[{"embeddable":true,"href":"https:\/\/pazdezigandaxake.net\/index.php\/wp-json\/wp\/v2\/users\/1"}],"replies":[{"embeddable":true,"href":"https:\/\/pazdezigandaxake.net\/index.php\/wp-json\/wp\/v2\/comments?post=288"}],"version-history":[{"count":23,"href":"https:\/\/pazdezigandaxake.net\/index.php\/wp-json\/wp\/v2\/pages\/288\/revisions"}],"predecessor-version":[{"id":3432,"href":"https:\/\/pazdezigandaxake.net\/index.php\/wp-json\/wp\/v2\/pages\/288\/revisions\/3432"}],"wp:attachment":[{"href":"https:\/\/pazdezigandaxake.net\/index.php\/wp-json\/wp\/v2\/media?parent=288"}],"curies":[{"name":"wp","href":"https:\/\/api.w.org\/{rel}","templated":true}]}}